{"id":21,"date":"2023-12-27T21:39:11","date_gmt":"2023-12-27T21:39:11","guid":{"rendered":"https:\/\/medicaladvancedsupplies.com\/2024\/home\/"},"modified":"2024-12-05T04:06:44","modified_gmt":"2024-12-05T04:06:44","slug":"home","status":"publish","type":"page","link":"https:\/\/medicaladvancedsupplies.com\/2024\/","title":{"rendered":"Home"},"content":{"rendered":"\n\n\n<h1><strong>Medical Advanced<\/strong><\/h1>\n<h1 style=\"color: rgb(255, 255, 255);\">Supplies<\/h1>\n\n\n\n\n\n\n\n<h2>Bienvenidos&nbsp;a Medical Advanced Supplies<\/h2>\n<p style=\"text-align: center\">Nos proponemos estar siempre al tanto de las necesidades del cliente, para lograr ser una empresa especializada en dar el mejor servicio, ya que sabemos que operamos bajo est\u00e1ndares adecuados de calidad y costos, atendiendo de manera personalizada las necesidades de cada cliente.<\/p>\n<p style=\"text-align: center\">Consideramos que la comercializaci\u00f3n de todos los productos  tiene que ser de la mejor calidad posible, por lo que cuidamos que su entrega y empaque tiene que estar en \u00f3ptimas condiciones, haciendo  de esto un compromiso institucional..<\/p>\n\n\n\n\n\n<p>Contamos con una amplia gama de equipos m\u00e9dicos de las mas prestigiadas marcas.<\/p>\n\n\n<p><span> Ofrecemos mantenimientos preventivos a tus equipos m\u00e9dicos con la m\u00e1s alta eficiencia y calidad.<\/span><\/p>\n\n\n<p> Contamos con ingenieros calificados para solucionar de manera r\u00e1pida y oportuna los problemas relacionados con los equipos.<\/p>\n\n\n\n\n<h2> Servicios que ofrecemos<\/h2>\n\n\n\nVenta de art\u00edculos y equipos de laboratorio\nVenta de art\u00edculos para hospital\nVenta de material de curaci\u00f3n\nVenta de equipos m\u00e9dicos\n\n\n\n\nRenta y Comodato de Equipos M\u00e9dicos\nMantenimiento Preventivo y Correctivo a Equipos M\u00e9dicos\nAsesor\u00eda de Proyecto-Construcci\u00f3n-Remodelaci\u00f3n de Hospitales\n\n\n\n\n\n\n\n\n\n\n\n\n<h2>Conoce las marcas que manejamos<br><\/h2>\n\n\n\n\n\n\n\n\n\n\n\n\n\n\n\n\n\n\n\n\n\n\n\n\n\n\n\n\n\n\n\n\n\n\n\n\n\n\n\n\n\n\n\n\n\n\n\n\n\n\n\n\n\n\n\n\n\n\n\n\n\n\n<h2>Medical Safety<\/h2>\n<h5>Es una l\u00ednea de MAS que trabajan en conjunto con la empresa Dr\u00e4ger reconocida mundialmente para promover la prevenci\u00f3n en la industria petrolera, innovando para proteger, apoyar y salvar vidas.<\/h5>\n<p style=\"text-align: center;line-height:30px\">La Tecnolog\u00eda para la Vida de Dr\u00e4ger asegura m\u00e1xima eficiencia y productividad. Le ayudamos a minimizar los tiempos de inactividad debido a problemas de seguridad y a asegurar que sus procesos de seguridad son gestionados adecuadamente. Nuestra amplia gama facilita condiciones de trabajo seguras asegurando y protegiendo a los trabajadores y a los activos durante las operaciones est\u00e1ndar de la planta.<\/p><\/br><\/br><\/br>\n\n\n\n\n<h5>Vis\u00edtanos o agenda una llamada con nosotros<br><\/h5>\n<iframe loading=\"lazy\" allowfullscreen=\"\" frameborder=\"0\" height=\"400\" src=\"https:\/\/www.google.com\/maps\/embed?pb=!1m18!1m12!1m3!1d3795.07146760699!2d-92.95547618511527!3d17.97541168772876!2m3!1f0!2f0!3f0!3m2!1i1024!2i768!4f13.1!3m3!1m2!1s0x85edd775cd0e718f%3A0x5287deea0cc041f7!2sPlaza+tamult%C3%A9!5e0!3m2!1sen!2smx!4v1509654579929\" style=\"border:0\" width=\"100%\"><\/iframe>\n\n\n\n","protected":false},"excerpt":{"rendered":"","protected":false},"author":0,"featured_media":0,"parent":0,"menu_order":0,"comment_status":"closed","ping_status":"closed","template":"","meta":{"pagelayer_contact_templates":[],"_pagelayer_content":"","footnotes":""},"class_list":["post-21","page","type-page","status-publish","hentry"],"_links":{"self":[{"href":"https:\/\/medicaladvancedsupplies.com\/2024\/wp-json\/wp\/v2\/pages\/21","targetHints":{"allow":["GET"]}}],"collection":[{"href":"https:\/\/medicaladvancedsupplies.com\/2024\/wp-json\/wp\/v2\/pages"}],"about":[{"href":"https:\/\/medicaladvancedsupplies.com\/2024\/wp-json\/wp\/v2\/types\/page"}],"replies":[{"embeddable":true,"href":"https:\/\/medicaladvancedsupplies.com\/2024\/wp-json\/wp\/v2\/comments?post=21"}],"version-history":[{"count":24,"href":"https:\/\/medicaladvancedsupplies.com\/2024\/wp-json\/wp\/v2\/pages\/21\/revisions"}],"predecessor-version":[{"id":93,"href":"https:\/\/medicaladvancedsupplies.com\/2024\/wp-json\/wp\/v2\/pages\/21\/revisions\/93"}],"wp:attachment":[{"href":"https:\/\/medicaladvancedsupplies.com\/2024\/wp-json\/wp\/v2\/media?parent=21"}],"curies":[{"name":"wp","href":"https:\/\/api.w.org\/{rel}","templated":true}]}}